{"id":35,"date":"2022-04-15T15:58:58","date_gmt":"2022-04-15T13:58:58","guid":{"rendered":"https:\/\/zilti.com\/?page_id=35"},"modified":"2022-04-15T17:02:56","modified_gmt":"2022-04-15T15:02:56","slug":"reisen","status":"publish","type":"page","link":"https:\/\/zilti.com\/index.php\/reisen\/","title":{"rendered":"Reisen"},"content":{"rendered":"<p>[et_pb_section fb_built=&#8220;1&#8243; _builder_version=&#8220;4.17.1&#8243; _module_preset=&#8220;default&#8220; global_colors_info=&#8220;{}&#8220;][et_pb_row _builder_version=&#8220;4.17.1&#8243; _module_preset=&#8220;default&#8220; global_colors_info=&#8220;{}&#8220;][et_pb_column type=&#8220;4_4&#8243; _builder_version=&#8220;4.17.1&#8243; _module_preset=&#8220;default&#8220; global_colors_info=&#8220;{}&#8220;][et_pb_post_title _builder_version=&#8220;4.17.1&#8243; _module_preset=&#8220;default&#8220; hover_enabled=&#8220;0&#8243; sticky_enabled=&#8220;0&#8243;][\/et_pb_post_title][et_pb_text _builder_version=&#8220;4.17.1&#8243; _module_preset=&#8220;default&#8220; global_colors_info=&#8220;{}&#8220;]<\/p>\n<p><strong>Wenn einer eine Reise tut&#8230;<\/strong><\/p>\n<p>Reisen war schon immer eine Herzensangelegenheit. Egal ob mit dem Fahrrad, Auto oder Flugzeug. Hauptsache neues sehen und lernen, Menschen treffen, Geschm\u00e4cker testen und die K\u00fcche fremder Regionen und L\u00e4nder testen.<\/p>\n<p>[\/et_pb_text][\/et_pb_column][\/et_pb_row][et_pb_row _builder_version=&#8220;4.17.1&#8243; _module_preset=&#8220;default&#8220;][et_pb_column _builder_version=&#8220;4.17.1&#8243; _module_preset=&#8220;default&#8220; type=&#8220;4_4&#8243;][et_pb_gallery _builder_version=&#8220;4.17.1&#8243; _module_preset=&#8220;default&#8220; gallery_ids=&#8220;48,49,51,52,53,54,55,56,57,58,59,60,61,62,63,64,65,66,67,68,69,71,72,73,74,75,76,77,78,79,80&#8243; show_title_and_caption=&#8220;off&#8220; posts_number=&#8220;12&#8243; hover_enabled=&#8220;0&#8243; sticky_enabled=&#8220;0&#8243;][\/et_pb_gallery][\/et_pb_column][\/et_pb_row][\/et_pb_section]<\/p>\n","protected":false},"excerpt":{"rendered":"<p>Wenn einer eine Reise tut&#8230; Reisen war schon immer eine Herzensangelegenheit. Egal ob mit dem Fahrrad, Auto oder Flugzeug. Hauptsache neues sehen und lernen, Menschen treffen, Geschm\u00e4cker testen und die K\u00fcche fremder Regionen und L\u00e4nder testen.<\/p>\n","protected":false},"author":3,"featured_media":0,"parent":0,"menu_order":0,"comment_status":"closed","ping_status":"closed","template":"","meta":{"_et_pb_use_builder":"on","_et_pb_old_content":"<!-- wp:image {\"id\":39,\"width\":819,\"height\":614,\"sizeSlug\":\"large\",\"linkDestination\":\"none\"} -->\n<figure class=\"wp-block-image size-large is-resized\"><img src=\"https:\/\/zilti.com\/wp-content\/uploads\/2022\/04\/IMG_0530-1024x768.jpg\" alt=\"\" class=\"wp-image-39\" width=\"819\" height=\"614\"\/><\/figure>\n<!-- \/wp:image -->\n\n<!-- wp:list -->\n<ul><li>sdafsadfsadf<\/li><li>sdafasdfasdf<\/li><li>sadfsadfasdf<\/li><li>.<\/li><\/ul>\n<!-- \/wp:list -->\n\n<!-- wp:paragraph -->\n<p><\/p>\n<!-- \/wp:paragraph -->\n\n<!-- wp:paragraph -->\n<p><\/p>\n<!-- \/wp:paragraph -->\n\n<!-- wp:paragraph -->\n<p><\/p>\n<!-- \/wp:paragraph -->\n\n<!-- wp:paragraph -->\n<p><\/p>\n<!-- \/wp:paragraph -->","_et_gb_content_width":"","footnotes":""},"class_list":["post-35","page","type-page","status-publish","hentry"],"_links":{"self":[{"href":"https:\/\/zilti.com\/index.php\/wp-json\/wp\/v2\/pages\/35","targetHints":{"allow":["GET"]}}],"collection":[{"href":"https:\/\/zilti.com\/index.php\/wp-json\/wp\/v2\/pages"}],"about":[{"href":"https:\/\/zilti.com\/index.php\/wp-json\/wp\/v2\/types\/page"}],"author":[{"embeddable":true,"href":"https:\/\/zilti.com\/index.php\/wp-json\/wp\/v2\/users\/3"}],"replies":[{"embeddable":true,"href":"https:\/\/zilti.com\/index.php\/wp-json\/wp\/v2\/comments?post=35"}],"version-history":[{"count":7,"href":"https:\/\/zilti.com\/index.php\/wp-json\/wp\/v2\/pages\/35\/revisions"}],"predecessor-version":[{"id":83,"href":"https:\/\/zilti.com\/index.php\/wp-json\/wp\/v2\/pages\/35\/revisions\/83"}],"wp:attachment":[{"href":"https:\/\/zilti.com\/index.php\/wp-json\/wp\/v2\/media?parent=35"}],"curies":[{"name":"wp","href":"https:\/\/api.w.org\/{rel}","templated":true}]}}